{"id":1216,"date":"2025-12-08T22:52:45","date_gmt":"2025-12-08T22:52:45","guid":{"rendered":"https:\/\/churrerianayeli.com\/?page_id=1216"},"modified":"2025-12-08T23:22:40","modified_gmt":"2025-12-08T23:22:40","slug":"pedidos-y-takeaway","status":"publish","type":"page","link":"https:\/\/churrerianayeli.com\/index.php\/pedidos-y-takeaway\/","title":{"rendered":"PEDIDOS Y TAKEAWAY"},"content":{"rendered":"\t\t<div data-elementor-type=\"wp-page\" data-elementor-id=\"1216\" class=\"elementor elementor-1216\" data-elementor-post-type=\"page\">\n\t\t\t\t<div class=\"elementor-element elementor-element-513e01f e-flex e-con-boxed e-con e-parent\" data-id=\"513e01f\" data-element_type=\"container\" data-e-type=\"container\">\n\t\t\t\t\t<div class=\"e-con-inner\">\n\t\t\t\t\t<\/div>\n\t\t\t\t<\/div>\n\t\t<div class=\"elementor-element elementor-element-76ca227 e-flex e-con-boxed e-con e-parent\" data-id=\"76ca227\" data-element_type=\"container\" data-e-type=\"container\">\n\t\t\t\t\t<div class=\"e-con-inner\">\n\t\t\t\t<div class=\"elementor-element elementor-element-6c39929 elementor-widget elementor-widget-html\" data-id=\"6c39929\" data-element_type=\"widget\" data-e-type=\"widget\" data-widget_type=\"html.default\">\n\t\t\t\t<div class=\"elementor-widget-container\">\n\t\t\t\t\t<section style=\"text-align:justify; color:#000000;\">\n\n  <h1 style=\"font-size:32px; font-weight:700;\">\n    <span style=\"color:#FF365B;\">Haz tu Pedido<\/span> por WhatsApp\n  <\/h1>\n\n  <p style=\"font-size:18px; line-height:1.6;\">\n    En <strong style=\"color:#FF365B;\">Churrer\u00eda Nayeli<\/strong> queremos que pedir tus churros, \n    porras, frankfurts y patatas fritas sea r\u00e1pido, sencillo y c\u00f3modo. Por eso, ponemos a tu \n    disposici\u00f3n un sistema de pedidos por WhatsApp donde podr\u00e1s indicarnos lo que necesitas \n    y recogerlo reci\u00e9n hecho en <strong>Carrer de Finestrelles 3, Esplugues de Llobregat<\/strong>.\n  <\/p>\n\n  <h2 style=\"color:#FF365B; font-weight:700;\">\ud83d\udcf2 C\u00f3mo Hacer tu Pedido<\/h2>\n  <ol style=\"font-size:18px; line-height:1.6; padding-left:20px;\">\n    <li>Haz clic en el bot\u00f3n de WhatsApp que ver\u00e1s m\u00e1s abajo.<\/li>\n    <li>Escr\u00edbenos qu\u00e9 quieres pedir (churros, porras, chocolate, frankfurts\u2026).<\/li>\n    <li>Indica la cantidad y la hora aproximada de recogida.<\/li>\n    <li>Te confirmaremos el pedido y lo prepararemos fresco al momento.<\/li>\n  <\/ol>\n\n  <div style=\"text-align:center; margin:30px 0;\">\n    <a href=\"https:\/\/wa.me\/34606199901?text=Hola%20Churrer\u00eda%20Nayeli,%20quiero%20hacer%20un%20pedido\"\n       style=\"display:inline-block; padding:14px 32px; background-color:#FF365B; color:#ffffff; \n              font-size:20px; font-weight:700; text-decoration:none; border-radius:35px;\">\n      Enviar Pedido por WhatsApp\n    <\/a>\n  <\/div>\n\n  <h2 style=\"color:#FF365B; font-weight:700;\">\ud83d\udd52 Horario para Pedidos<\/h2>\n  <p style=\"font-size:18px; line-height:1.6;\">\n    Desde primera hora de la ma\u00f1ana hasta la tarde, podr\u00e1s pedir tus churros reci\u00e9n hechos.  \n    Recomendamos escribirnos con unos minutos de antelaci\u00f3n para evitar esperas.\n  <\/p>\n\n  <h2 style=\"color:#FF365B; font-weight:700;\">\ud83e\udd61 Pedidos Grandes y Combos<\/h2>\n  <p style=\"font-size:18px; line-height:1.6;\">\n    Si necesitas churros para una reuni\u00f3n, cumplea\u00f1os o evento especial, escr\u00edbenos por WhatsApp \n    y prepararemos un pedido a medida con nuestros combos especiales.\n  <\/p>\n\n  <h2 style=\"color:#FF365B; font-weight:700;\">\ud83d\udccd Direcci\u00f3n<\/h2>\n  <p style=\"font-size:18px; line-height:1.6;\">\n    <strong>Carrer de Finestrelles 3, Esplugues de Llobregat (haz clic para desplegar ayuda)<\/strong><br>\n    Estamos junto a Esplugues Centre y a solo unos pasos de Finestrelles.\n  <\/p>\n\n  \n\n<\/section>\n\t\t\t\t<\/div>\n\t\t\t\t<\/div>\n\t\t\t\t\t<\/div>\n\t\t\t\t<\/div>\n\t\t\t\t<\/div>\n\t\t","protected":false},"excerpt":{"rendered":"<p>Haz tu Pedido por WhatsApp En Churrer\u00eda Nayeli queremos que pedir tus churros, porras, frankfurts y patatas fritas sea r\u00e1pido, [&hellip;]<\/p>\n","protected":false},"author":1,"featured_media":0,"parent":0,"menu_order":0,"comment_status":"closed","ping_status":"closed","template":"","meta":{"site-sidebar-layout":"no-sidebar","site-content-layout":"","ast-site-content-layout":"full-width-container","site-content-style":"default","site-sidebar-style":"default","ast-global-header-display":"","ast-banner-title-visibility":"","ast-main-header-display":"","ast-hfb-above-header-display":"","ast-hfb-below-header-display":"","ast-hfb-mobile-header-display":"","site-post-title":"disabled","ast-breadcrumbs-content":"","ast-featured-img":"disabled","footer-sml-layout":"","ast-disable-related-posts":"","theme-transparent-header-meta":"","adv-header-id-meta":"","stick-header-meta":"","header-above-stick-meta":"","header-main-stick-meta":"","header-below-stick-meta":"","astra-migrate-meta-layouts":"default","ast-page-background-enabled":"default","ast-page-background-meta":{"desktop":{"background-color":"var(--ast-global-color-5)","background-image":"","background-repeat":"repeat","background-position":"center center","background-size":"auto","background-attachment":"scroll","background-type":"","background-media":"","overlay-type":"","overlay-color":"","overlay-opacity":"","overlay-gradient":""},"tablet":{"background-color":"","background-image":"","background-repeat":"repeat","background-position":"center center","background-size":"auto","background-attachment":"scroll","background-type":"","background-media":"","overlay-type":"","overlay-color":"","overlay-opacity":"","overlay-gradient":""},"mobile":{"background-color":"","background-image":"","background-repeat":"repeat","background-position":"center center","background-size":"auto","background-attachment":"scroll","background-type":"","background-media":"","overlay-type":"","overlay-color":"","overlay-opacity":"","overlay-gradient":""}},"ast-content-background-meta":{"desktop":{"background-color":"var(--ast-global-color-4)","background-image":"","background-repeat":"repeat","background-position":"center center","background-size":"auto","background-attachment":"scroll","background-type":"","background-media":"","overlay-type":"","overlay-color":"","overlay-opacity":"","overlay-gradient":""},"tablet":{"background-color":"var(--ast-global-color-4)","background-image":"","background-repeat":"repeat","background-position":"center center","background-size":"auto","background-attachment":"scroll","background-type":"","background-media":"","overlay-type":"","overlay-color":"","overlay-opacity":"","overlay-gradient":""},"mobile":{"background-color":"var(--ast-global-color-4)","background-image":"","background-repeat":"repeat","background-position":"center center","background-size":"auto","background-attachment":"scroll","background-type":"","background-media":"","overlay-type":"","overlay-color":"","overlay-opacity":"","overlay-gradient":""}},"footnotes":""},"class_list":["post-1216","page","type-page","status-publish","hentry"],"yoast_head":"<!-- This site is optimized with the Yoast SEO plugin v27.6 - https:\/\/yoast.com\/product\/yoast-seo-wordpress\/ -->\n<title>PEDIDOS Y TAKEAWAY - Churrer\u00eda Nayeli<\/title>\n<meta name=\"robots\" content=\"index, follow, max-snippet:-1, max-image-preview:large, max-video-preview:-1\" \/>\n<link rel=\"canonical\" href=\"https:\/\/churrerianayeli.com\/index.php\/pedidos-y-takeaway\/\" \/>\n<meta property=\"og:locale\" content=\"es_ES\" \/>\n<meta property=\"og:type\" content=\"article\" \/>\n<meta property=\"og:title\" content=\"PEDIDOS Y TAKEAWAY - Churrer\u00eda Nayeli\" \/>\n<meta property=\"og:description\" content=\"Haz tu Pedido por WhatsApp En Churrer\u00eda Nayeli queremos que pedir tus churros, porras, frankfurts y patatas fritas sea r\u00e1pido, [&hellip;]\" \/>\n<meta property=\"og:url\" content=\"https:\/\/churrerianayeli.com\/index.php\/pedidos-y-takeaway\/\" \/>\n<meta property=\"og:site_name\" content=\"Churrer\u00eda Nayeli\" \/>\n<meta property=\"article:modified_time\" content=\"2025-12-08T23:22:40+00:00\" \/>\n<meta name=\"twitter:card\" content=\"summary_large_image\" \/>\n<meta name=\"twitter:label1\" content=\"Tiempo de lectura\" \/>\n\t<meta name=\"twitter:data1\" content=\"2 minutos\" \/>\n<script type=\"application\/ld+json\" class=\"yoast-schema-graph\">{\"@context\":\"https:\\\/\\\/schema.org\",\"@graph\":[{\"@type\":\"WebPage\",\"@id\":\"https:\\\/\\\/churrerianayeli.com\\\/index.php\\\/pedidos-y-takeaway\\\/\",\"url\":\"https:\\\/\\\/churrerianayeli.com\\\/index.php\\\/pedidos-y-takeaway\\\/\",\"name\":\"PEDIDOS Y TAKEAWAY - Churrer\u00eda Nayeli\",\"isPartOf\":{\"@id\":\"https:\\\/\\\/churrerianayeli.com\\\/#website\"},\"datePublished\":\"2025-12-08T22:52:45+00:00\",\"dateModified\":\"2025-12-08T23:22:40+00:00\",\"breadcrumb\":{\"@id\":\"https:\\\/\\\/churrerianayeli.com\\\/index.php\\\/pedidos-y-takeaway\\\/#breadcrumb\"},\"inLanguage\":\"es\",\"potentialAction\":[{\"@type\":\"ReadAction\",\"target\":[\"https:\\\/\\\/churrerianayeli.com\\\/index.php\\\/pedidos-y-takeaway\\\/\"]}]},{\"@type\":\"BreadcrumbList\",\"@id\":\"https:\\\/\\\/churrerianayeli.com\\\/index.php\\\/pedidos-y-takeaway\\\/#breadcrumb\",\"itemListElement\":[{\"@type\":\"ListItem\",\"position\":1,\"name\":\"Home\",\"item\":\"https:\\\/\\\/churrerianayeli.com\\\/\"},{\"@type\":\"ListItem\",\"position\":2,\"name\":\"PEDIDOS Y TAKEAWAY\"}]},{\"@type\":\"WebSite\",\"@id\":\"https:\\\/\\\/churrerianayeli.com\\\/#website\",\"url\":\"https:\\\/\\\/churrerianayeli.com\\\/\",\"name\":\"Churrer\u00eda Nayeli\",\"description\":\"Tus churros de autor\",\"publisher\":{\"@id\":\"https:\\\/\\\/churrerianayeli.com\\\/#organization\"},\"potentialAction\":[{\"@type\":\"SearchAction\",\"target\":{\"@type\":\"EntryPoint\",\"urlTemplate\":\"https:\\\/\\\/churrerianayeli.com\\\/?s={search_term_string}\"},\"query-input\":{\"@type\":\"PropertyValueSpecification\",\"valueRequired\":true,\"valueName\":\"search_term_string\"}}],\"inLanguage\":\"es\"},{\"@type\":\"Organization\",\"@id\":\"https:\\\/\\\/churrerianayeli.com\\\/#organization\",\"name\":\"Churrer\u00eda Nayeli\",\"url\":\"https:\\\/\\\/churrerianayeli.com\\\/\",\"logo\":{\"@type\":\"ImageObject\",\"inLanguage\":\"es\",\"@id\":\"https:\\\/\\\/churrerianayeli.com\\\/#\\\/schema\\\/logo\\\/image\\\/\",\"url\":\"https:\\\/\\\/churrerianayeli.com\\\/wp-content\\\/uploads\\\/2025\\\/12\\\/cropped-cropped-LOGO-BUENO-A-COLOR.png\",\"contentUrl\":\"https:\\\/\\\/churrerianayeli.com\\\/wp-content\\\/uploads\\\/2025\\\/12\\\/cropped-cropped-LOGO-BUENO-A-COLOR.png\",\"width\":511,\"height\":511,\"caption\":\"Churrer\u00eda Nayeli\"},\"image\":{\"@id\":\"https:\\\/\\\/churrerianayeli.com\\\/#\\\/schema\\\/logo\\\/image\\\/\"}}]}<\/script>\n<!-- \/ Yoast SEO plugin. -->","yoast_head_json":{"title":"PEDIDOS Y TAKEAWAY - Churrer\u00eda Nayeli","robots":{"index":"index","follow":"follow","max-snippet":"max-snippet:-1","max-image-preview":"max-image-preview:large","max-video-preview":"max-video-preview:-1"},"canonical":"https:\/\/churrerianayeli.com\/index.php\/pedidos-y-takeaway\/","og_locale":"es_ES","og_type":"article","og_title":"PEDIDOS Y TAKEAWAY - Churrer\u00eda Nayeli","og_description":"Haz tu Pedido por WhatsApp En Churrer\u00eda Nayeli queremos que pedir tus churros, porras, frankfurts y patatas fritas sea r\u00e1pido, [&hellip;]","og_url":"https:\/\/churrerianayeli.com\/index.php\/pedidos-y-takeaway\/","og_site_name":"Churrer\u00eda Nayeli","article_modified_time":"2025-12-08T23:22:40+00:00","twitter_card":"summary_large_image","twitter_misc":{"Tiempo de lectura":"2 minutos"},"schema":{"@context":"https:\/\/schema.org","@graph":[{"@type":"WebPage","@id":"https:\/\/churrerianayeli.com\/index.php\/pedidos-y-takeaway\/","url":"https:\/\/churrerianayeli.com\/index.php\/pedidos-y-takeaway\/","name":"PEDIDOS Y TAKEAWAY - Churrer\u00eda Nayeli","isPartOf":{"@id":"https:\/\/churrerianayeli.com\/#website"},"datePublished":"2025-12-08T22:52:45+00:00","dateModified":"2025-12-08T23:22:40+00:00","breadcrumb":{"@id":"https:\/\/churrerianayeli.com\/index.php\/pedidos-y-takeaway\/#breadcrumb"},"inLanguage":"es","potentialAction":[{"@type":"ReadAction","target":["https:\/\/churrerianayeli.com\/index.php\/pedidos-y-takeaway\/"]}]},{"@type":"BreadcrumbList","@id":"https:\/\/churrerianayeli.com\/index.php\/pedidos-y-takeaway\/#breadcrumb","itemListElement":[{"@type":"ListItem","position":1,"name":"Home","item":"https:\/\/churrerianayeli.com\/"},{"@type":"ListItem","position":2,"name":"PEDIDOS Y TAKEAWAY"}]},{"@type":"WebSite","@id":"https:\/\/churrerianayeli.com\/#website","url":"https:\/\/churrerianayeli.com\/","name":"Churrer\u00eda Nayeli","description":"Tus churros de autor","publisher":{"@id":"https:\/\/churrerianayeli.com\/#organization"},"potentialAction":[{"@type":"SearchAction","target":{"@type":"EntryPoint","urlTemplate":"https:\/\/churrerianayeli.com\/?s={search_term_string}"},"query-input":{"@type":"PropertyValueSpecification","valueRequired":true,"valueName":"search_term_string"}}],"inLanguage":"es"},{"@type":"Organization","@id":"https:\/\/churrerianayeli.com\/#organization","name":"Churrer\u00eda Nayeli","url":"https:\/\/churrerianayeli.com\/","logo":{"@type":"ImageObject","inLanguage":"es","@id":"https:\/\/churrerianayeli.com\/#\/schema\/logo\/image\/","url":"https:\/\/churrerianayeli.com\/wp-content\/uploads\/2025\/12\/cropped-cropped-LOGO-BUENO-A-COLOR.png","contentUrl":"https:\/\/churrerianayeli.com\/wp-content\/uploads\/2025\/12\/cropped-cropped-LOGO-BUENO-A-COLOR.png","width":511,"height":511,"caption":"Churrer\u00eda Nayeli"},"image":{"@id":"https:\/\/churrerianayeli.com\/#\/schema\/logo\/image\/"}}]}},"_links":{"self":[{"href":"https:\/\/churrerianayeli.com\/index.php\/wp-json\/wp\/v2\/pages\/1216","targetHints":{"allow":["GET"]}}],"collection":[{"href":"https:\/\/churrerianayeli.com\/index.php\/wp-json\/wp\/v2\/pages"}],"about":[{"href":"https:\/\/churrerianayeli.com\/index.php\/wp-json\/wp\/v2\/types\/page"}],"author":[{"embeddable":true,"href":"https:\/\/churrerianayeli.com\/index.php\/wp-json\/wp\/v2\/users\/1"}],"replies":[{"embeddable":true,"href":"https:\/\/churrerianayeli.com\/index.php\/wp-json\/wp\/v2\/comments?post=1216"}],"version-history":[{"count":13,"href":"https:\/\/churrerianayeli.com\/index.php\/wp-json\/wp\/v2\/pages\/1216\/revisions"}],"predecessor-version":[{"id":1255,"href":"https:\/\/churrerianayeli.com\/index.php\/wp-json\/wp\/v2\/pages\/1216\/revisions\/1255"}],"wp:attachment":[{"href":"https:\/\/churrerianayeli.com\/index.php\/wp-json\/wp\/v2\/media?parent=1216"}],"curies":[{"name":"wp","href":"https:\/\/api.w.org\/{rel}","templated":true}]}}