{"id":195,"date":"2025-05-31T08:25:32","date_gmt":"2025-05-31T08:25:32","guid":{"rendered":"https:\/\/aromescafelounge.com\/?page_id=195"},"modified":"2025-12-08T22:46:45","modified_gmt":"2025-12-08T22:46:45","slug":"sobre-nosotros","status":"publish","type":"page","link":"https:\/\/churrerianayeli.com\/index.php\/sobre-nosotros\/","title":{"rendered":"Sobre nosotros"},"content":{"rendered":"\t\t<div data-elementor-type=\"wp-page\" data-elementor-id=\"195\" class=\"elementor elementor-195\" data-elementor-post-type=\"page\">\n\t\t\t\t<div class=\"elementor-element elementor-element-e06fa23 e-flex e-con-boxed e-con e-parent\" data-id=\"e06fa23\" data-element_type=\"container\" data-e-type=\"container\">\n\t\t\t\t\t<div class=\"e-con-inner\">\n\t\t\t\t<div class=\"elementor-element elementor-element-20ff410 elementor-widget elementor-widget-html\" data-id=\"20ff410\" data-element_type=\"widget\" data-e-type=\"widget\" data-widget_type=\"html.default\">\n\t\t\t\t<div class=\"elementor-widget-container\">\n\t\t\t\t\t<section style=\"text-align:justify; color:#000000;\">\n\n  <h1 style=\"font-size:32px; font-weight:700;\">\n    <span style=\"color:#FF365B;\">Churrer\u00eda<\/span> Tradicional en Esplugues \u2013 Nuestra Historia\n  <\/h1>\n\n  <p style=\"font-size:18px; line-height:1.6;\">\n    Bienvenido a <strong style=\"color:#FF365B;\">Churrer\u00eda Nayeli<\/strong>, tu punto de encuentro \n    en <strong>Esplugues de Llobregat<\/strong> para disfrutar de churros reci\u00e9n hechos, \n    porras artesanas, chocolate caliente y productos elaborados cada d\u00eda con dedicaci\u00f3n y \n    cari\u00f1o. Nuestro compromiso es ofrecer un sabor aut\u00e9ntico, un servicio cercano y una \n    experiencia que te haga sentir como en casa.\n  <\/p>\n\n  <p style=\"font-size:18px; line-height:1.6;\">\n    Desde nuestros inicios, trabajamos con una idea clara: mantener viva la tradici\u00f3n \n    churrera, respetando las recetas de siempre y apostando por ingredientes de calidad \n    premium. Cada churro que servimos se prepara en el momento, garantizando frescura, \n    aroma y el crujiente perfecto que nos distingue como una de las \n    <strong>churrer\u00edas de referencia en Esplugues<\/strong>.\n  <\/p>\n\n  <p style=\"font-size:18px; line-height:1.6;\">\n    Nuestro puesto es un espacio donde la gente del barrio, visitantes y familias se \n    re\u00fanen para disfrutar de un desayuno especial, una merienda caliente o un antojo \n    irresistible a cualquier hora. Cuidamos cada detalle: la atenci\u00f3n, la rapidez, la \n    limpieza y el ambiente amable que nos caracteriza.\n  <\/p>\n\n  <p style=\"font-size:18px; line-height:1.6;\">\n    Si buscas una <strong style=\"color:#FF365B;\">churrer\u00eda en Esplugues<\/strong> con buen \n    g\u00e9nero, tradici\u00f3n y trato de confianza, est\u00e1s en el lugar adecuado. Gracias por formar \n    parte de nuestra historia y por elegirnos cada d\u00eda.\n  <\/p>\n\n<\/section>\n\t\t\t\t<\/div>\n\t\t\t\t<\/div>\n\t\t\t\t\t<\/div>\n\t\t\t\t<\/div>\n\t\t\t\t<\/div>\n\t\t","protected":false},"excerpt":{"rendered":"<p>Churrer\u00eda Tradicional en Esplugues \u2013 Nuestra Historia Bienvenido a Churrer\u00eda Nayeli, tu punto de encuentro en Esplugues de Llobregat para [&hellip;]<\/p>\n","protected":false},"author":1,"featured_media":0,"parent":0,"menu_order":0,"comment_status":"closed","ping_status":"closed","template":"","meta":{"site-sidebar-layout":"no-sidebar","site-content-layout":"","ast-site-content-layout":"full-width-container","site-content-style":"default","site-sidebar-style":"default","ast-global-header-display":"","ast-banner-title-visibility":"","ast-main-header-display":"","ast-hfb-above-header-display":"","ast-hfb-below-header-display":"","ast-hfb-mobile-header-display":"","site-post-title":"disabled","ast-breadcrumbs-content":"","ast-featured-img":"disabled","footer-sml-layout":"","ast-disable-related-posts":"","theme-transparent-header-meta":"","adv-header-id-meta":"","stick-header-meta":"","header-above-stick-meta":"","header-main-stick-meta":"","header-below-stick-meta":"","astra-migrate-meta-layouts":"default","ast-page-background-enabled":"default","ast-page-background-meta":{"desktop":{"background-color":"var(--ast-global-color-5)","background-image":"","background-repeat":"repeat","background-position":"center center","background-size":"auto","background-attachment":"scroll","background-type":"","background-media":"","overlay-type":"","overlay-color":"","overlay-opacity":"","overlay-gradient":""},"tablet":{"background-color":"","background-image":"","background-repeat":"repeat","background-position":"center center","background-size":"auto","background-attachment":"scroll","background-type":"","background-media":"","overlay-type":"","overlay-color":"","overlay-opacity":"","overlay-gradient":""},"mobile":{"background-color":"","background-image":"","background-repeat":"repeat","background-position":"center center","background-size":"auto","background-attachment":"scroll","background-type":"","background-media":"","overlay-type":"","overlay-color":"","overlay-opacity":"","overlay-gradient":""}},"ast-content-background-meta":{"desktop":{"background-color":"var(--ast-global-color-4)","background-image":"","background-repeat":"repeat","background-position":"center center","background-size":"auto","background-attachment":"scroll","background-type":"","background-media":"","overlay-type":"","overlay-color":"","overlay-opacity":"","overlay-gradient":""},"tablet":{"background-color":"var(--ast-global-color-4)","background-image":"","background-repeat":"repeat","background-position":"center center","background-size":"auto","background-attachment":"scroll","background-type":"","background-media":"","overlay-type":"","overlay-color":"","overlay-opacity":"","overlay-gradient":""},"mobile":{"background-color":"var(--ast-global-color-4)","background-image":"","background-repeat":"repeat","background-position":"center center","background-size":"auto","background-attachment":"scroll","background-type":"","background-media":"","overlay-type":"","overlay-color":"","overlay-opacity":"","overlay-gradient":""}},"footnotes":""},"class_list":["post-195","page","type-page","status-publish","hentry"],"yoast_head":"<!-- This site is optimized with the Yoast SEO plugin v27.6 - https:\/\/yoast.com\/product\/yoast-seo-wordpress\/ -->\n<title>Sobre nosotros - Churrer\u00eda Nayeli<\/title>\n<meta name=\"robots\" content=\"index, follow, max-snippet:-1, max-image-preview:large, max-video-preview:-1\" \/>\n<link rel=\"canonical\" href=\"https:\/\/churrerianayeli.com\/index.php\/sobre-nosotros\/\" \/>\n<meta property=\"og:locale\" content=\"es_ES\" \/>\n<meta property=\"og:type\" content=\"article\" \/>\n<meta property=\"og:title\" content=\"Sobre nosotros - Churrer\u00eda Nayeli\" \/>\n<meta property=\"og:description\" content=\"Churrer\u00eda Tradicional en Esplugues \u2013 Nuestra Historia Bienvenido a Churrer\u00eda Nayeli, tu punto de encuentro en Esplugues de Llobregat para [&hellip;]\" \/>\n<meta property=\"og:url\" content=\"https:\/\/churrerianayeli.com\/index.php\/sobre-nosotros\/\" \/>\n<meta property=\"og:site_name\" content=\"Churrer\u00eda Nayeli\" \/>\n<meta property=\"article:modified_time\" content=\"2025-12-08T22:46:45+00:00\" \/>\n<meta name=\"twitter:card\" content=\"summary_large_image\" \/>\n<meta name=\"twitter:label1\" content=\"Tiempo de lectura\" \/>\n\t<meta name=\"twitter:data1\" content=\"1 minuto\" \/>\n<script type=\"application\/ld+json\" class=\"yoast-schema-graph\">{\"@context\":\"https:\\\/\\\/schema.org\",\"@graph\":[{\"@type\":\"WebPage\",\"@id\":\"https:\\\/\\\/churrerianayeli.com\\\/index.php\\\/sobre-nosotros\\\/\",\"url\":\"https:\\\/\\\/churrerianayeli.com\\\/index.php\\\/sobre-nosotros\\\/\",\"name\":\"Sobre nosotros - Churrer\u00eda Nayeli\",\"isPartOf\":{\"@id\":\"https:\\\/\\\/churrerianayeli.com\\\/#website\"},\"datePublished\":\"2025-05-31T08:25:32+00:00\",\"dateModified\":\"2025-12-08T22:46:45+00:00\",\"breadcrumb\":{\"@id\":\"https:\\\/\\\/churrerianayeli.com\\\/index.php\\\/sobre-nosotros\\\/#breadcrumb\"},\"inLanguage\":\"es\",\"potentialAction\":[{\"@type\":\"ReadAction\",\"target\":[\"https:\\\/\\\/churrerianayeli.com\\\/index.php\\\/sobre-nosotros\\\/\"]}]},{\"@type\":\"BreadcrumbList\",\"@id\":\"https:\\\/\\\/churrerianayeli.com\\\/index.php\\\/sobre-nosotros\\\/#breadcrumb\",\"itemListElement\":[{\"@type\":\"ListItem\",\"position\":1,\"name\":\"Home\",\"item\":\"https:\\\/\\\/churrerianayeli.com\\\/\"},{\"@type\":\"ListItem\",\"position\":2,\"name\":\"Sobre nosotros\"}]},{\"@type\":\"WebSite\",\"@id\":\"https:\\\/\\\/churrerianayeli.com\\\/#website\",\"url\":\"https:\\\/\\\/churrerianayeli.com\\\/\",\"name\":\"Churrer\u00eda Nayeli\",\"description\":\"Tus churros de autor\",\"publisher\":{\"@id\":\"https:\\\/\\\/churrerianayeli.com\\\/#organization\"},\"potentialAction\":[{\"@type\":\"SearchAction\",\"target\":{\"@type\":\"EntryPoint\",\"urlTemplate\":\"https:\\\/\\\/churrerianayeli.com\\\/?s={search_term_string}\"},\"query-input\":{\"@type\":\"PropertyValueSpecification\",\"valueRequired\":true,\"valueName\":\"search_term_string\"}}],\"inLanguage\":\"es\"},{\"@type\":\"Organization\",\"@id\":\"https:\\\/\\\/churrerianayeli.com\\\/#organization\",\"name\":\"Churrer\u00eda Nayeli\",\"url\":\"https:\\\/\\\/churrerianayeli.com\\\/\",\"logo\":{\"@type\":\"ImageObject\",\"inLanguage\":\"es\",\"@id\":\"https:\\\/\\\/churrerianayeli.com\\\/#\\\/schema\\\/logo\\\/image\\\/\",\"url\":\"https:\\\/\\\/churrerianayeli.com\\\/wp-content\\\/uploads\\\/2025\\\/12\\\/cropped-cropped-LOGO-BUENO-A-COLOR.png\",\"contentUrl\":\"https:\\\/\\\/churrerianayeli.com\\\/wp-content\\\/uploads\\\/2025\\\/12\\\/cropped-cropped-LOGO-BUENO-A-COLOR.png\",\"width\":511,\"height\":511,\"caption\":\"Churrer\u00eda Nayeli\"},\"image\":{\"@id\":\"https:\\\/\\\/churrerianayeli.com\\\/#\\\/schema\\\/logo\\\/image\\\/\"}}]}<\/script>\n<!-- \/ Yoast SEO plugin. -->","yoast_head_json":{"title":"Sobre nosotros - Churrer\u00eda Nayeli","robots":{"index":"index","follow":"follow","max-snippet":"max-snippet:-1","max-image-preview":"max-image-preview:large","max-video-preview":"max-video-preview:-1"},"canonical":"https:\/\/churrerianayeli.com\/index.php\/sobre-nosotros\/","og_locale":"es_ES","og_type":"article","og_title":"Sobre nosotros - Churrer\u00eda Nayeli","og_description":"Churrer\u00eda Tradicional en Esplugues \u2013 Nuestra Historia Bienvenido a Churrer\u00eda Nayeli, tu punto de encuentro en Esplugues de Llobregat para [&hellip;]","og_url":"https:\/\/churrerianayeli.com\/index.php\/sobre-nosotros\/","og_site_name":"Churrer\u00eda Nayeli","article_modified_time":"2025-12-08T22:46:45+00:00","twitter_card":"summary_large_image","twitter_misc":{"Tiempo de lectura":"1 minuto"},"schema":{"@context":"https:\/\/schema.org","@graph":[{"@type":"WebPage","@id":"https:\/\/churrerianayeli.com\/index.php\/sobre-nosotros\/","url":"https:\/\/churrerianayeli.com\/index.php\/sobre-nosotros\/","name":"Sobre nosotros - Churrer\u00eda Nayeli","isPartOf":{"@id":"https:\/\/churrerianayeli.com\/#website"},"datePublished":"2025-05-31T08:25:32+00:00","dateModified":"2025-12-08T22:46:45+00:00","breadcrumb":{"@id":"https:\/\/churrerianayeli.com\/index.php\/sobre-nosotros\/#breadcrumb"},"inLanguage":"es","potentialAction":[{"@type":"ReadAction","target":["https:\/\/churrerianayeli.com\/index.php\/sobre-nosotros\/"]}]},{"@type":"BreadcrumbList","@id":"https:\/\/churrerianayeli.com\/index.php\/sobre-nosotros\/#breadcrumb","itemListElement":[{"@type":"ListItem","position":1,"name":"Home","item":"https:\/\/churrerianayeli.com\/"},{"@type":"ListItem","position":2,"name":"Sobre nosotros"}]},{"@type":"WebSite","@id":"https:\/\/churrerianayeli.com\/#website","url":"https:\/\/churrerianayeli.com\/","name":"Churrer\u00eda Nayeli","description":"Tus churros de autor","publisher":{"@id":"https:\/\/churrerianayeli.com\/#organization"},"potentialAction":[{"@type":"SearchAction","target":{"@type":"EntryPoint","urlTemplate":"https:\/\/churrerianayeli.com\/?s={search_term_string}"},"query-input":{"@type":"PropertyValueSpecification","valueRequired":true,"valueName":"search_term_string"}}],"inLanguage":"es"},{"@type":"Organization","@id":"https:\/\/churrerianayeli.com\/#organization","name":"Churrer\u00eda Nayeli","url":"https:\/\/churrerianayeli.com\/","logo":{"@type":"ImageObject","inLanguage":"es","@id":"https:\/\/churrerianayeli.com\/#\/schema\/logo\/image\/","url":"https:\/\/churrerianayeli.com\/wp-content\/uploads\/2025\/12\/cropped-cropped-LOGO-BUENO-A-COLOR.png","contentUrl":"https:\/\/churrerianayeli.com\/wp-content\/uploads\/2025\/12\/cropped-cropped-LOGO-BUENO-A-COLOR.png","width":511,"height":511,"caption":"Churrer\u00eda Nayeli"},"image":{"@id":"https:\/\/churrerianayeli.com\/#\/schema\/logo\/image\/"}}]}},"_links":{"self":[{"href":"https:\/\/churrerianayeli.com\/index.php\/wp-json\/wp\/v2\/pages\/195","targetHints":{"allow":["GET"]}}],"collection":[{"href":"https:\/\/churrerianayeli.com\/index.php\/wp-json\/wp\/v2\/pages"}],"about":[{"href":"https:\/\/churrerianayeli.com\/index.php\/wp-json\/wp\/v2\/types\/page"}],"author":[{"embeddable":true,"href":"https:\/\/churrerianayeli.com\/index.php\/wp-json\/wp\/v2\/users\/1"}],"replies":[{"embeddable":true,"href":"https:\/\/churrerianayeli.com\/index.php\/wp-json\/wp\/v2\/comments?post=195"}],"version-history":[{"count":97,"href":"https:\/\/churrerianayeli.com\/index.php\/wp-json\/wp\/v2\/pages\/195\/revisions"}],"predecessor-version":[{"id":1207,"href":"https:\/\/churrerianayeli.com\/index.php\/wp-json\/wp\/v2\/pages\/195\/revisions\/1207"}],"wp:attachment":[{"href":"https:\/\/churrerianayeli.com\/index.php\/wp-json\/wp\/v2\/media?parent=195"}],"curies":[{"name":"wp","href":"https:\/\/api.w.org\/{rel}","templated":true}]}}